{"id":368,"date":"2018-03-08T07:40:51","date_gmt":"2018-03-08T07:40:51","guid":{"rendered":"https:\/\/bula.bar\/?product=fresh-mushrooms-3"},"modified":"2024-01-31T00:16:54","modified_gmt":"2024-01-31T00:16:54","slug":"omelet-vegetariano","status":"publish","type":"product","link":"https:\/\/bula.bar\/en\/product\/omelet-vegetariano\/","title":{"rendered":"VEGGIE OMELETTE"},"content":{"rendered":"<p>Our vegetarian omelet is an exploration of the variety of fresh ingredients, each bite is a symphony of flavors and textures. This dish is not only a healthy option, but also a culinary experience that celebrates the abundance of nature.<\/p>","protected":false},"excerpt":{"rendered":"<p>Discover our version of the vegetarian omelet, an explosion of meat-free flavors that will delight your palate.<\/p>\n<div class='heateor_sss_sharing_container heateor_sss_vertical_sharing heateor_sss_bottom_sharing' style='width:44px;left: -10px;top: 200px;-webkit-box-shadow:none;box-shadow:none;' data-heateor-sss-href='https:\/\/bula.bar\/en\/wp-json\/wp\/v2\/product\/368'><div class=\"heateor_sss_sharing_ul\"><a aria-label=\"Facebook\" class=\"heateor_sss_facebook\" href=\"https:\/\/www.facebook.com\/sharer\/sharer.php?u=https%3A%2F%2Fbula.bar%2Fen%2Fwp-json%2Fwp%2Fv2%2Fproduct%2F368\" title=\"Facebook\" rel=\"nofollow noopener\" target=\"_blank\" style=\"font-size:32px!important;box-shadow:none;display:inline-block;vertical-align:middle\"><span class=\"heateor_sss_svg\" style=\"background-color:#0765FE;width:40px;height:40px;margin:0;display:inline-block;opacity:1;float:left;font-size:32px;box-shadow:none;display:inline-block;font-size:16px;padding:0 4px;vertical-align:middle;background-repeat:repeat;overflow:hidden;padding:0;cursor:pointer;box-sizing:content-box\"><svg style=\"display:block;\" focusable=\"false\" aria-hidden=\"true\" xmlns=\"http:\/\/www.w3.org\/2000\/svg\" width=\"100%\" height=\"100%\" viewbox=\"0 0 32 32\"><path fill=\"#fff\" d=\"M28 16c0-6.627-5.373-12-12-12S4 9.373 4 16c0 5.628 3.875 10.35 9.101 11.647v-7.98h-2.474V16H13.1v-1.58c0-4.085 1.849-5.978 5.859-5.978.76 0 2.072.15 2.608.298v3.325c-.283-.03-.775-.045-1.386-.045-1.967 0-2.728.745-2.728 2.683V16h3.92l-.673 3.667h-3.247v8.245C23.395 27.195 28 22.135 28 16Z\"><\/path><\/svg><\/span><\/a><a aria-label=\"Twitter\" class=\"heateor_sss_button_twitter\" href=\"https:\/\/twitter.com\/intent\/tweet?text=OMELET%20VEGETARIANO&url=https%3A%2F%2Fbula.bar%2Fen%2Fwp-json%2Fwp%2Fv2%2Fproduct%2F368\" title=\"Twitter\" rel=\"nofollow noopener\" target=\"_blank\" style=\"font-size:32px!important;box-shadow:none;display:inline-block;vertical-align:middle\"><span class=\"heateor_sss_svg heateor_sss_s__default heateor_sss_s_twitter\" style=\"background-color:#55acee;width:40px;height:40px;margin:0;display:inline-block;opacity:1;float:left;font-size:32px;box-shadow:none;display:inline-block;font-size:16px;padding:0 4px;vertical-align:middle;background-repeat:repeat;overflow:hidden;padding:0;cursor:pointer;box-sizing:content-box\"><svg style=\"display:block;\" focusable=\"false\" aria-hidden=\"true\" xmlns=\"http:\/\/www.w3.org\/2000\/svg\" width=\"100%\" height=\"100%\" viewbox=\"-4 -4 39 39\"><path d=\"M28 8.557a9.913 9.913 0 0 1-2.828.775 4.93 4.93 0 0 0 2.166-2.725 9.738 9.738 0 0 1-3.13 1.194 4.92 4.92 0 0 0-3.593-1.55 4.924 4.924 0 0 0-4.794 6.049c-4.09-.21-7.72-2.17-10.15-5.15a4.942 4.942 0 0 0-.665 2.477c0 1.71.87 3.214 2.19 4.1a4.968 4.968 0 0 1-2.23-.616v.06c0 2.39 1.7 4.38 3.952 4.83-.414.115-.85.174-1.297.174-.318 0-.626-.03-.928-.086a4.935 4.935 0 0 0 4.6 3.42 9.893 9.893 0 0 1-6.114 2.107c-.398 0-.79-.023-1.175-.068a13.953 13.953 0 0 0 7.55 2.213c9.056 0 14.01-7.507 14.01-14.013 0-.213-.005-.426-.015-.637.96-.695 1.795-1.56 2.455-2.55z\" fill=\"#fff\"><\/path><\/svg><\/span><\/a><a aria-label=\"Pinterest\" class=\"heateor_sss_button_pinterest\" href=\"https:\/\/bula.bar\/en\/wp-json\/wp\/v2\/product\/368\" onclick=\"event.preventDefault();javascript:void( (function() {var e=document.createElement('script' );e.setAttribute('type','text\/javascript' );e.setAttribute('charset','UTF-8' );e.setAttribute('src','\/\/assets.pinterest.com\/js\/pinmarklet.js?r='+Math.random()*99999999);document.body.appendChild(e)})());\" title=\"Pinterest\" rel=\"noopener\" style=\"font-size:32px!important;box-shadow:none;display:inline-block;vertical-align:middle\"><span class=\"heateor_sss_svg heateor_sss_s__default heateor_sss_s_pinterest\" style=\"background-color:#cc2329;width:40px;height:40px;margin:0;display:inline-block;opacity:1;float:left;font-size:32px;box-shadow:none;display:inline-block;font-size:16px;padding:0 4px;vertical-align:middle;background-repeat:repeat;overflow:hidden;padding:0;cursor:pointer;box-sizing:content-box\"><svg style=\"display:block;\" focusable=\"false\" aria-hidden=\"true\" xmlns=\"http:\/\/www.w3.org\/2000\/svg\" width=\"100%\" height=\"100%\" viewbox=\"-2 -2 35 35\"><path fill=\"#fff\" d=\"M16.539 4.5c-6.277 0-9.442 4.5-9.442 8.253 0 2.272.86 4.293 2.705 5.046.303.125.574.005.662-.33.061-.231.205-.816.27-1.06.088-.331.053-.447-.191-.736-.532-.627-.873-1.439-.873-2.591 0-3.338 2.498-6.327 6.505-6.327 3.548 0 5.497 2.168 5.497 5.062 0 3.81-1.686 7.025-4.188 7.025-1.382 0-2.416-1.142-2.085-2.545.397-1.674 1.166-3.48 1.166-4.689 0-1.081-.581-1.983-1.782-1.983-1.413 0-2.548 1.462-2.548 3.419 0 1.247.421 2.091.421 2.091l-1.699 7.199c-.505 2.137-.076 4.755-.039 5.019.021.158.223.196.314.077.13-.17 1.813-2.247 2.384-4.324.162-.587.929-3.631.929-3.631.46.876 1.801 1.646 3.227 1.646 4.247 0 7.128-3.871 7.128-9.053.003-3.918-3.317-7.568-8.361-7.568z\"\/><\/svg><\/span><\/a><a aria-label=\"Linkedin\" class=\"heateor_sss_button_linkedin\" href=\"https:\/\/www.linkedin.com\/sharing\/share-offsite\/?url=https%3A%2F%2Fbula.bar%2Fen%2Fwp-json%2Fwp%2Fv2%2Fproduct%2F368\" title=\"Linkedin\" rel=\"nofollow noopener\" target=\"_blank\" style=\"font-size:32px!important;box-shadow:none;display:inline-block;vertical-align:middle\"><span class=\"heateor_sss_svg heateor_sss_s__default heateor_sss_s_linkedin\" style=\"background-color:#0077b5;width:40px;height:40px;margin:0;display:inline-block;opacity:1;float:left;font-size:32px;box-shadow:none;display:inline-block;font-size:16px;padding:0 4px;vertical-align:middle;background-repeat:repeat;overflow:hidden;padding:0;cursor:pointer;box-sizing:content-box\"><svg style=\"display:block;\" focusable=\"false\" aria-hidden=\"true\" xmlns=\"http:\/\/www.w3.org\/2000\/svg\" width=\"100%\" height=\"100%\" viewbox=\"0 0 32 32\"><path d=\"M6.227 12.61h4.19v13.48h-4.19V12.61zm2.095-6.7a2.43 2.43 0 0 1 0 4.86c-1.344 0-2.428-1.09-2.428-2.43s1.084-2.43 2.428-2.43m4.72 6.7h4.02v1.84h.058c.56-1.058 1.927-2.176 3.965-2.176 4.238 0 5.02 2.792 5.02 6.42v7.395h-4.183v-6.56c0-1.564-.03-3.574-2.178-3.574-2.18 0-2.514 1.7-2.514 3.46v6.668h-4.187V12.61z\" fill=\"#fff\"><\/path><\/svg><\/span><\/a><a aria-label=\"Whatsapp\" class=\"heateor_sss_whatsapp\" href=\"https:\/\/api.whatsapp.com\/send?text=Bula%20Granada%20-%20%20https%3A%2F%2Fbula.bar%2Fen%2Fwp-json%2Fwp%2Fv2%2Fproduct%2F368\" title=\"Whatsapp\" rel=\"nofollow noopener\" target=\"_blank\" style=\"font-size:32px!important;box-shadow:none;display:inline-block;vertical-align:middle\"><span class=\"heateor_sss_svg\" style=\"background-color:#55eb4c;width:40px;height:40px;margin:0;display:inline-block;opacity:1;float:left;font-size:32px;box-shadow:none;display:inline-block;font-size:16px;padding:0 4px;vertical-align:middle;background-repeat:repeat;overflow:hidden;padding:0;cursor:pointer;box-sizing:content-box\"><svg style=\"display:block;\" focusable=\"false\" aria-hidden=\"true\" xmlns=\"http:\/\/www.w3.org\/2000\/svg\" width=\"100%\" height=\"100%\" viewbox=\"-6 -5 40 40\"><path class=\"heateor_sss_svg_stroke heateor_sss_no_fill\" stroke=\"#fff\" stroke-width=\"2\" fill=\"none\" d=\"M 11.579798566743314 24.396926207859085 A 10 10 0 1 0 6.808479557110079 20.73576436351046\"><\/path><path d=\"M 7 19 l -1 6 l 6 -1\" class=\"heateor_sss_no_fill heateor_sss_svg_stroke\" stroke=\"#fff\" stroke-width=\"2\" fill=\"none\"><\/path><path d=\"M 10 10 q -1 8 8 11 c 5 -1 0 -6 -1 -3 q -4 -3 -5 -5 c 4 -2 -1 -5 -1 -4\" fill=\"#fff\"><\/path><\/svg><\/span><\/a><a class=\"heateor_sss_more\" aria-label=\"More\" title=\"More\" rel=\"nofollow noopener\" style=\"font-size: 32px!important;border:0;box-shadow:none;display:inline-block!important;font-size:16px;padding:0 4px;vertical-align: middle;display:inline;\" href=\"https:\/\/bula.bar\/en\/wp-json\/wp\/v2\/product\/368\" onclick=\"event.preventDefault()\"><span class=\"heateor_sss_svg\" style=\"background-color:#ee8e2d;width:40px;height:40px;margin:0;display:inline-block!important;opacity:1;float:left;font-size:32px!important;box-shadow:none;display:inline-block;font-size:16px;padding:0 4px;vertical-align:middle;display:inline;background-repeat:repeat;overflow:hidden;padding:0;cursor:pointer;box-sizing:content-box;\" onclick=\"heateorSssMoreSharingPopup(this, 'https:\/\/bula.bar\/en\/wp-json\/wp\/v2\/product\/368', 'Bula%20Granada%20-%20', 'OMELET%20VEGETARIANO' )\"><svg xmlns=\"http:\/\/www.w3.org\/2000\/svg\" xmlns:xlink=\"http:\/\/www.w3.org\/1999\/xlink\" viewbox=\"-.3 0 32 32\" version=\"1.1\" width=\"100%\" height=\"100%\" style=\"display:block;\" xml:space=\"preserve\"><g><path fill=\"#fff\" d=\"M18 14V8h-4v6H8v4h6v6h4v-6h6v-4h-6z\" fill-rule=\"evenodd\"><\/path><\/g><\/svg><\/span><\/a><\/div><div class=\"heateorSssClear\"><\/div><\/div>","protected":false},"featured_media":1332,"comment_status":"open","ping_status":"closed","template":"","meta":{"site-sidebar-layout":"default","site-content-layout":"","ast-site-content-layout":"default","site-content-style":"default","site-sidebar-style":"default","ast-global-header-display":"","ast-banner-title-visibility":"","ast-main-header-display":"","ast-hfb-above-header-display":"","ast-hfb-below-header-display":"","ast-hfb-mobile-header-display":"","site-post-title":"","ast-breadcrumbs-content":"","ast-featured-img":"","footer-sml-layout":"","ast-disable-related-posts":"","theme-transparent-header-meta":"default","adv-header-id-meta":"","stick-header-meta":"","header-above-stick-meta":"","header-main-stick-meta":"","header-below-stick-meta":"","astra-migrate-meta-layouts":"set","ast-page-background-enabled":"default","ast-page-background-meta":{"desktop":{"background-color":"var(--ast-global-color-4)","background-image":"","background-repeat":"repeat","background-position":"center center","background-size":"auto","background-attachment":"scroll","background-type":"","background-media":"","overlay-type":"","overlay-color":"","overlay-opacity":"","overlay-gradient":""},"tablet":{"background-color":"","background-image":"","background-repeat":"repeat","background-position":"center center","background-size":"auto","background-attachment":"scroll","background-type":"","background-media":"","overlay-type":"","overlay-color":"","overlay-opacity":"","overlay-gradient":""},"mobile":{"background-color":"","background-image":"","background-repeat":"repeat","background-position":"center center","background-size":"auto","background-attachment":"scroll","background-type":"","background-media":"","overlay-type":"","overlay-color":"","overlay-opacity":"","overlay-gradient":""}},"ast-content-background-meta":{"desktop":{"background-color":"var(--ast-global-color-5)","background-image":"","background-repeat":"repeat","background-position":"center center","background-size":"auto","background-attachment":"scroll","background-type":"","background-media":"","overlay-type":"","overlay-color":"","overlay-opacity":"","overlay-gradient":""},"tablet":{"background-color":"var(--ast-global-color-5)","background-image":"","background-repeat":"repeat","background-position":"center center","background-size":"auto","background-attachment":"scroll","background-type":"","background-media":"","overlay-type":"","overlay-color":"","overlay-opacity":"","overlay-gradient":""},"mobile":{"background-color":"var(--ast-global-color-5)","background-image":"","background-repeat":"repeat","background-position":"center center","background-size":"auto","background-attachment":"scroll","background-type":"","background-media":"","overlay-type":"","overlay-color":"","overlay-opacity":"","overlay-gradient":""}},"_joinchat":[]},"product_brand":[],"product_cat":[34],"product_tag":[],"class_list":{"0":"post-368","1":"product","2":"type-product","3":"status-publish","4":"has-post-thumbnail","6":"product_cat-desayuno-brunch","7":"desktop-align-left","8":"tablet-align-left","9":"mobile-align-left","11":"first","12":"instock","13":"shipping-taxable","14":"purchasable","15":"product-type-simple"},"yoast_head":"<!-- This site is optimized with the Yoast SEO plugin v27.5 - https:\/\/yoast.com\/product\/yoast-seo-wordpress\/ -->\n<title>OMELET VEGETARIANO - BULA BAR<\/title>\n<meta name=\"description\" content=\"Descubre nuestra versi\u00f3n del omelet vegetariano, una explosi\u00f3n de sabores sin carne que deleitar\u00e1 tu paladar.\" \/>\n<meta name=\"robots\" content=\"index, follow, max-snippet:-1, max-image-preview:large, max-video-preview:-1\" \/>\n<link rel=\"canonical\" href=\"https:\/\/bula.bar\/en\/product\/omelet-vegetariano\/\" \/>\n<meta property=\"og:locale\" content=\"en_US\" \/>\n<meta property=\"og:type\" content=\"article\" \/>\n<meta property=\"og:title\" content=\"OMELET VEGETARIANO\" \/>\n<meta property=\"og:description\" content=\"Descubre nuestra versi\u00f3n del omelet vegetariano, una explosi\u00f3n de sabores sin carne que deleitar\u00e1 tu paladar.\" \/>\n<meta property=\"og:url\" content=\"https:\/\/bula.bar\/en\/product\/omelet-vegetariano\/\" \/>\n<meta property=\"og:site_name\" content=\"Bula Granada\" \/>\n<meta property=\"article:publisher\" content=\"https:\/\/www.facebook.com\/bulagranada\" \/>\n<meta property=\"article:modified_time\" content=\"2024-01-31T00:16:54+00:00\" \/>\n<meta property=\"og:image\" content=\"https:\/\/bula.bar\/wp-content\/uploads\/2023\/04\/Omelet-vegetariano-800x600px.png\" \/>\n\t<meta property=\"og:image:width\" content=\"800\" \/>\n\t<meta property=\"og:image:height\" content=\"600\" \/>\n\t<meta property=\"og:image:type\" content=\"image\/png\" \/>\n<meta name=\"twitter:card\" content=\"summary_large_image\" \/>\n<meta name=\"twitter:title\" content=\"OMELET VEGETARIANO\" \/>\n<meta name=\"twitter:description\" content=\"Descubre nuestra versi\u00f3n del omelet vegetariano, una explosi\u00f3n de sabores sin carne que deleitar\u00e1 tu paladar.\" \/>\n<meta name=\"twitter:image\" content=\"https:\/\/bula.bar\/wp-content\/uploads\/2023\/04\/Omelet-vegetariano-800x600px.png\" \/>\n<meta name=\"twitter:label1\" content=\"Est. reading time\" \/>\n\t<meta name=\"twitter:data1\" content=\"1 minute\" \/>\n<script type=\"application\/ld+json\" class=\"yoast-schema-graph\">{\"@context\":\"https:\\\/\\\/schema.org\",\"@graph\":[{\"@type\":\"WebPage\",\"@id\":\"https:\\\/\\\/bula.bar\\\/product\\\/omelet-vegetariano\\\/\",\"url\":\"https:\\\/\\\/bula.bar\\\/product\\\/omelet-vegetariano\\\/\",\"name\":\"OMELET VEGETARIANO - BULA BAR\",\"isPartOf\":{\"@id\":\"https:\\\/\\\/bula.bar\\\/#website\"},\"primaryImageOfPage\":{\"@id\":\"https:\\\/\\\/bula.bar\\\/product\\\/omelet-vegetariano\\\/#primaryimage\"},\"image\":{\"@id\":\"https:\\\/\\\/bula.bar\\\/product\\\/omelet-vegetariano\\\/#primaryimage\"},\"thumbnailUrl\":\"https:\\\/\\\/bula.bar\\\/wp-content\\\/uploads\\\/2023\\\/04\\\/Omelet-vegetariano-800x600px.png\",\"datePublished\":\"2018-03-08T07:40:51+00:00\",\"dateModified\":\"2024-01-31T00:16:54+00:00\",\"description\":\"Descubre nuestra versi\u00f3n del omelet vegetariano, una explosi\u00f3n de sabores sin carne que deleitar\u00e1 tu paladar.\",\"breadcrumb\":{\"@id\":\"https:\\\/\\\/bula.bar\\\/product\\\/omelet-vegetariano\\\/#breadcrumb\"},\"inLanguage\":\"en-US\",\"potentialAction\":[{\"@type\":\"ReadAction\",\"target\":[\"https:\\\/\\\/bula.bar\\\/product\\\/omelet-vegetariano\\\/\"]}]},{\"@type\":\"ImageObject\",\"inLanguage\":\"en-US\",\"@id\":\"https:\\\/\\\/bula.bar\\\/product\\\/omelet-vegetariano\\\/#primaryimage\",\"url\":\"https:\\\/\\\/bula.bar\\\/wp-content\\\/uploads\\\/2023\\\/04\\\/Omelet-vegetariano-800x600px.png\",\"contentUrl\":\"https:\\\/\\\/bula.bar\\\/wp-content\\\/uploads\\\/2023\\\/04\\\/Omelet-vegetariano-800x600px.png\",\"width\":800,\"height\":600,\"caption\":\"Omelet vegetariano\"},{\"@type\":\"BreadcrumbList\",\"@id\":\"https:\\\/\\\/bula.bar\\\/product\\\/omelet-vegetariano\\\/#breadcrumb\",\"itemListElement\":[{\"@type\":\"ListItem\",\"position\":1,\"name\":\"Home\",\"item\":\"https:\\\/\\\/bula.bar\\\/\"},{\"@type\":\"ListItem\",\"position\":2,\"name\":\"Shop\",\"item\":\"https:\\\/\\\/bula.bar\\\/shop\\\/\"},{\"@type\":\"ListItem\",\"position\":3,\"name\":\"OMELET VEGETARIANO\"}]},{\"@type\":\"WebSite\",\"@id\":\"https:\\\/\\\/bula.bar\\\/#website\",\"url\":\"https:\\\/\\\/bula.bar\\\/\",\"name\":\"Bula Granada\",\"description\":\"\",\"publisher\":{\"@id\":\"https:\\\/\\\/bula.bar\\\/#organization\"},\"alternateName\":\"bula granada\",\"potentialAction\":[{\"@type\":\"SearchAction\",\"target\":{\"@type\":\"EntryPoint\",\"urlTemplate\":\"https:\\\/\\\/bula.bar\\\/?s={search_term_string}\"},\"query-input\":{\"@type\":\"PropertyValueSpecification\",\"valueRequired\":true,\"valueName\":\"search_term_string\"}}],\"inLanguage\":\"en-US\"},{\"@type\":\"Organization\",\"@id\":\"https:\\\/\\\/bula.bar\\\/#organization\",\"name\":\"Bula Granada\",\"alternateName\":\"bula granada\",\"url\":\"https:\\\/\\\/bula.bar\\\/\",\"logo\":{\"@type\":\"ImageObject\",\"inLanguage\":\"en-US\",\"@id\":\"https:\\\/\\\/bula.bar\\\/#\\\/schema\\\/logo\\\/image\\\/\",\"url\":\"https:\\\/\\\/bula.bar\\\/wp-content\\\/uploads\\\/2023\\\/04\\\/LOGO-BULA-01-e1682115330595.png\",\"contentUrl\":\"https:\\\/\\\/bula.bar\\\/wp-content\\\/uploads\\\/2023\\\/04\\\/LOGO-BULA-01-e1682115330595.png\",\"width\":2400,\"height\":1182,\"caption\":\"Bula Granada\"},\"image\":{\"@id\":\"https:\\\/\\\/bula.bar\\\/#\\\/schema\\\/logo\\\/image\\\/\"},\"sameAs\":[\"https:\\\/\\\/www.facebook.com\\\/bulagranada\",\"https:\\\/\\\/www.instagram.com\\\/bulagranada\"]}]}<\/script>\n<!-- \/ Yoast SEO plugin. -->","yoast_head_json":{"title":"OMELET VEGETARIANO - BULA BAR","description":"Discover our version of the vegetarian omelet, an explosion of meat-free flavors that will delight your palate.","robots":{"index":"index","follow":"follow","max-snippet":"max-snippet:-1","max-image-preview":"max-image-preview:large","max-video-preview":"max-video-preview:-1"},"canonical":"https:\/\/bula.bar\/en\/product\/omelet-vegetariano\/","og_locale":"en_US","og_type":"article","og_title":"OMELET VEGETARIANO","og_description":"Descubre nuestra versi\u00f3n del omelet vegetariano, una explosi\u00f3n de sabores sin carne que deleitar\u00e1 tu paladar.","og_url":"https:\/\/bula.bar\/en\/product\/omelet-vegetariano\/","og_site_name":"Bula Granada","article_publisher":"https:\/\/www.facebook.com\/bulagranada","article_modified_time":"2024-01-31T00:16:54+00:00","og_image":[{"width":800,"height":600,"url":"https:\/\/bula.bar\/wp-content\/uploads\/2023\/04\/Omelet-vegetariano-800x600px.png","type":"image\/png"}],"twitter_card":"summary_large_image","twitter_title":"OMELET VEGETARIANO","twitter_description":"Descubre nuestra versi\u00f3n del omelet vegetariano, una explosi\u00f3n de sabores sin carne que deleitar\u00e1 tu paladar.","twitter_image":"https:\/\/bula.bar\/wp-content\/uploads\/2023\/04\/Omelet-vegetariano-800x600px.png","twitter_misc":{"Est. reading time":"1 minute"},"schema":{"@context":"https:\/\/schema.org","@graph":[{"@type":"WebPage","@id":"https:\/\/bula.bar\/product\/omelet-vegetariano\/","url":"https:\/\/bula.bar\/product\/omelet-vegetariano\/","name":"OMELET VEGETARIANO - BULA BAR","isPartOf":{"@id":"https:\/\/bula.bar\/#website"},"primaryImageOfPage":{"@id":"https:\/\/bula.bar\/product\/omelet-vegetariano\/#primaryimage"},"image":{"@id":"https:\/\/bula.bar\/product\/omelet-vegetariano\/#primaryimage"},"thumbnailUrl":"https:\/\/bula.bar\/wp-content\/uploads\/2023\/04\/Omelet-vegetariano-800x600px.png","datePublished":"2018-03-08T07:40:51+00:00","dateModified":"2024-01-31T00:16:54+00:00","description":"Discover our version of the vegetarian omelet, an explosion of meat-free flavors that will delight your palate.","breadcrumb":{"@id":"https:\/\/bula.bar\/product\/omelet-vegetariano\/#breadcrumb"},"inLanguage":"en-US","potentialAction":[{"@type":"ReadAction","target":["https:\/\/bula.bar\/product\/omelet-vegetariano\/"]}]},{"@type":"ImageObject","inLanguage":"en-US","@id":"https:\/\/bula.bar\/product\/omelet-vegetariano\/#primaryimage","url":"https:\/\/bula.bar\/wp-content\/uploads\/2023\/04\/Omelet-vegetariano-800x600px.png","contentUrl":"https:\/\/bula.bar\/wp-content\/uploads\/2023\/04\/Omelet-vegetariano-800x600px.png","width":800,"height":600,"caption":"Omelet vegetariano"},{"@type":"BreadcrumbList","@id":"https:\/\/bula.bar\/product\/omelet-vegetariano\/#breadcrumb","itemListElement":[{"@type":"ListItem","position":1,"name":"Home","item":"https:\/\/bula.bar\/"},{"@type":"ListItem","position":2,"name":"Shop","item":"https:\/\/bula.bar\/shop\/"},{"@type":"ListItem","position":3,"name":"OMELET VEGETARIANO"}]},{"@type":"WebSite","@id":"https:\/\/bula.bar\/#website","url":"https:\/\/bula.bar\/","name":"Bula Granada","description":"","publisher":{"@id":"https:\/\/bula.bar\/#organization"},"alternateName":"bula granada","potentialAction":[{"@type":"SearchAction","target":{"@type":"EntryPoint","urlTemplate":"https:\/\/bula.bar\/?s={search_term_string}"},"query-input":{"@type":"PropertyValueSpecification","valueRequired":true,"valueName":"search_term_string"}}],"inLanguage":"en-US"},{"@type":"Organization","@id":"https:\/\/bula.bar\/#organization","name":"Bula Granada","alternateName":"bula granada","url":"https:\/\/bula.bar\/","logo":{"@type":"ImageObject","inLanguage":"en-US","@id":"https:\/\/bula.bar\/#\/schema\/logo\/image\/","url":"https:\/\/bula.bar\/wp-content\/uploads\/2023\/04\/LOGO-BULA-01-e1682115330595.png","contentUrl":"https:\/\/bula.bar\/wp-content\/uploads\/2023\/04\/LOGO-BULA-01-e1682115330595.png","width":2400,"height":1182,"caption":"Bula Granada"},"image":{"@id":"https:\/\/bula.bar\/#\/schema\/logo\/image\/"},"sameAs":["https:\/\/www.facebook.com\/bulagranada","https:\/\/www.instagram.com\/bulagranada"]}]}},"_links":{"self":[{"href":"https:\/\/bula.bar\/en\/wp-json\/wp\/v2\/product\/368","targetHints":{"allow":["GET"]}}],"collection":[{"href":"https:\/\/bula.bar\/en\/wp-json\/wp\/v2\/product"}],"about":[{"href":"https:\/\/bula.bar\/en\/wp-json\/wp\/v2\/types\/product"}],"replies":[{"embeddable":true,"href":"https:\/\/bula.bar\/en\/wp-json\/wp\/v2\/comments?post=368"}],"wp:featuredmedia":[{"embeddable":true,"href":"https:\/\/bula.bar\/en\/wp-json\/wp\/v2\/media\/1332"}],"wp:attachment":[{"href":"https:\/\/bula.bar\/en\/wp-json\/wp\/v2\/media?parent=368"}],"wp:term":[{"taxonomy":"product_brand","embeddable":true,"href":"https:\/\/bula.bar\/en\/wp-json\/wp\/v2\/product_brand?post=368"},{"taxonomy":"product_cat","embeddable":true,"href":"https:\/\/bula.bar\/en\/wp-json\/wp\/v2\/product_cat?post=368"},{"taxonomy":"product_tag","embeddable":true,"href":"https:\/\/bula.bar\/en\/wp-json\/wp\/v2\/product_tag?post=368"}],"curies":[{"name":"wp","href":"https:\/\/api.w.org\/{rel}","templated":true}]}}